{"id":7,"date":"2026-01-26T16:51:38","date_gmt":"2026-01-26T16:51:38","guid":{"rendered":"https:\/\/festivaldelabaie.fr\/?page_id=7"},"modified":"2026-03-26T11:52:27","modified_gmt":"2026-03-26T11:52:27","slug":"accueil","status":"publish","type":"page","link":"https:\/\/festivaldelabaie.fr\/","title":{"rendered":"Accueil"},"content":{"rendered":"\t\t<div data-elementor-type=\"wp-post\" data-elementor-id=\"7\" class=\"elementor elementor-7\">\n\t\t\t\t<div class=\"elementor-element elementor-element-14f1a18 e-flex e-con-boxed e-con e-parent\" data-id=\"14f1a18\" data-element_type=\"container\" data-e-type=\"container\" data-settings=\"{&quot;background_background&quot;:&quot;classic&quot;}\">\n\t\t\t\t\t<div class=\"e-con-inner\">\n\t\t<div class=\"elementor-element elementor-element-43f450d e-con-full e-flex e-con e-child\" data-id=\"43f450d\" data-element_type=\"container\" data-e-type=\"container\">\n\t\t\t\t<div class=\"elementor-element elementor-element-1c684f2 elementor-widget elementor-widget-heading\" data-id=\"1c684f2\" data-element_type=\"widget\" data-e-type=\"widget\" data-widget_type=\"heading.default\">\n\t\t\t\t\t<h2 class=\"elementor-heading-title elementor-size-default\">S'inscrire :<\/h2>\t\t\t\t<\/div>\n\t\t\t\t<div class=\"elementor-element elementor-element-6b132d8 elementor-widget elementor-widget-button\" data-id=\"6b132d8\" data-element_type=\"widget\" data-e-type=\"widget\" data-widget_type=\"button.default\">\n\t\t\t\t\t\t\t\t\t\t<a class=\"elementor-button elementor-button-link elementor-size-sm\" href=\"https:\/\/www.filmfestplatform.com\/fr\/festival\/5327\">\n\t\t\t\t\t\t<span class=\"elementor-button-content-wrapper\">\n\t\t\t\t\t\t\t\t\t<span class=\"elementor-button-text\">FILMFEST<\/span>\n\t\t\t\t\t<\/span>\n\t\t\t\t\t<\/a>\n\t\t\t\t\t\t\t\t<\/div>\n\t\t\t\t<\/div>\n\t\t<div class=\"elementor-element elementor-element-ba271cf e-con-full e-flex e-con e-child\" data-id=\"ba271cf\" data-element_type=\"container\" data-e-type=\"container\">\n\t\t\t\t<div class=\"elementor-element elementor-element-abc03e5 elementor-widget elementor-widget-heading\" data-id=\"abc03e5\" data-element_type=\"widget\" data-e-type=\"widget\" data-widget_type=\"heading.default\">\n\t\t\t\t\t<h2 class=\"elementor-heading-title elementor-size-default\">S'inscrire au 48H chrono : <\/h2>\t\t\t\t<\/div>\n\t\t\t\t<div class=\"elementor-element elementor-element-43b1f81 elementor-widget elementor-widget-button\" data-id=\"43b1f81\" data-element_type=\"widget\" data-e-type=\"widget\" data-widget_type=\"button.default\">\n\t\t\t\t\t\t\t\t\t\t<a class=\"elementor-button elementor-button-link elementor-size-sm\" href=\"https:\/\/docs.google.com\/forms\/d\/e\/1FAIpQLSeAJGPLnr9pBaJzohOMWBk-2GG1JM1O37xUE-BvAIR_hIXn7g\/viewform\" target=\"_blank\">\n\t\t\t\t\t\t<span class=\"elementor-button-content-wrapper\">\n\t\t\t\t\t\t\t\t\t<span class=\"elementor-button-text\">CLIQUE ICI<\/span>\n\t\t\t\t\t<\/span>\n\t\t\t\t\t<\/a>\n\t\t\t\t\t\t\t\t<\/div>\n\t\t\t\t<\/div>\n\t\t\t\t\t<\/div>\n\t\t\t\t<\/div>\n\t\t<div class=\"elementor-element elementor-element-59acd0b e-flex e-con-boxed e-con e-parent\" data-id=\"59acd0b\" data-element_type=\"container\" data-e-type=\"container\" data-settings=\"{&quot;background_background&quot;:&quot;classic&quot;,&quot;shape_divider_bottom&quot;:&quot;wave-brush&quot;}\">\n\t\t\t\t\t<div class=\"e-con-inner\">\n\t\t\t\t<div class=\"elementor-shape elementor-shape-bottom\" aria-hidden=\"true\" data-negative=\"false\">\n\t\t\t<svg xmlns=\"http:\/\/www.w3.org\/2000\/svg\" viewBox=\"0 0 283.5 27.8\" preserveAspectRatio=\"none\">\n\t<path class=\"elementor-shape-fill\" d=\"M283.5,9.7c0,0-7.3,4.3-14,4.6c-6.8,0.3-12.6,0-20.9-1.5c-11.3-2-33.1-10.1-44.7-5.7\ts-12.1,4.6-18,7.4c-6.6,3.2-20,9.6-36.6,9.3C131.6,23.5,99.5,7.2,86.3,8c-1.4,0.1-6.6,0.8-10.5,2c-3.8,1.2-9.4,3.8-17,4.7\tc-3.2,0.4-8.3,1.1-14.2,0.9c-1.5-0.1-6.3-0.4-12-1.6c-5.7-1.2-11-3.1-15.8-3.7C6.5,9.2,0,10.8,0,10.8V0h283.5V9.7z M260.8,11.3\tc-0.7-1-2-0.4-4.3-0.4c-2.3,0-6.1-1.2-5.8-1.1c0.3,0.1,3.1,1.5,6,1.9C259.7,12.2,261.4,12.3,260.8,11.3z M242.4,8.6\tc0,0-2.4-0.2-5.6-0.9c-3.2-0.8-10.3-2.8-15.1-3.5c-8.2-1.1-15.8,0-15.1,0.1c0.8,0.1,9.6-0.6,17.6,1.1c3.3,0.7,9.3,2.2,12.4,2.7\tC239.9,8.7,242.4,8.6,242.4,8.6z M185.2,8.5c1.7-0.7-13.3,4.7-18.5,6.1c-2.1,0.6-6.2,1.6-10,2c-3.9,0.4-8.9,0.4-8.8,0.5\tc0,0.2,5.8,0.8,11.2,0c5.4-0.8,5.2-1.1,7.6-1.6C170.5,14.7,183.5,9.2,185.2,8.5z M199.1,6.9c0.2,0-0.8-0.4-4.8,1.1\tc-4,1.5-6.7,3.5-6.9,3.7c-0.2,0.1,3.5-1.8,6.6-3C197,7.5,199,6.9,199.1,6.9z M283,6c-0.1,0.1-1.9,1.1-4.8,2.5s-6.9,2.8-6.7,2.7\tc0.2,0,3.5-0.6,7.4-2.5C282.8,6.8,283.1,5.9,283,6z M31.3,11.6c0.1-0.2-1.9-0.2-4.5-1.2s-5.4-1.6-7.8-2C15,7.6,7.3,8.5,7.7,8.6\tC8,8.7,15.9,8.3,20.2,9.3c2.2,0.5,2.4,0.5,5.7,1.6S31.2,11.9,31.3,11.6z M73,9.2c0.4-0.1,3.5-1.6,8.4-2.6c4.9-1.1,8.9-0.5,8.9-0.8\tc0-0.3-1-0.9-6.2-0.3S72.6,9.3,73,9.2z M71.6,6.7C71.8,6.8,75,5.4,77.3,5c2.3-0.3,1.9-0.5,1.9-0.6c0-0.1-1.1-0.2-2.7,0.2\tC74.8,5.1,71.4,6.6,71.6,6.7z M93.6,4.4c0.1,0.2,3.5,0.8,5.6,1.8c2.1,1,1.8,0.6,1.9,0.5c0.1-0.1-0.8-0.8-2.4-1.3\tC97.1,4.8,93.5,4.2,93.6,4.4z M65.4,11.1c-0.1,0.3,0.3,0.5,1.9-0.2s2.6-1.3,2.2-1.2s-0.9,0.4-2.5,0.8C65.3,10.9,65.5,10.8,65.4,11.1\tz M34.5,12.4c-0.2,0,2.1,0.8,3.3,0.9c1.2,0.1,2,0.1,2-0.2c0-0.3-0.1-0.5-1.6-0.4C36.6,12.8,34.7,12.4,34.5,12.4z M152.2,21.1\tc-0.1,0.1-2.4-0.3-7.5-0.3c-5,0-13.6-2.4-17.2-3.5c-3.6-1.1,10,3.9,16.5,4.1C150.5,21.6,152.3,21,152.2,21.1z\"\/>\n\t<path class=\"elementor-shape-fill\" d=\"M269.6,18c-0.1-0.1-4.6,0.3-7.2,0c-7.3-0.7-17-3.2-16.6-2.9c0.4,0.3,13.7,3.1,17,3.3\tC267.7,18.8,269.7,18,269.6,18z\"\/>\n\t<path class=\"elementor-shape-fill\" d=\"M227.4,9.8c-0.2-0.1-4.5-1-9.5-1.2c-5-0.2-12.7,0.6-12.3,0.5c0.3-0.1,5.9-1.8,13.3-1.2\tS227.6,9.9,227.4,9.8z\"\/>\n\t<path class=\"elementor-shape-fill\" d=\"M204.5,13.4c-0.1-0.1,2-1,3.2-1.1c1.2-0.1,2,0,2,0.3c0,0.3-0.1,0.5-1.6,0.4\tC206.4,12.9,204.6,13.5,204.5,13.4z\"\/>\n\t<path class=\"elementor-shape-fill\" d=\"M201,10.6c0-0.1-4.4,1.2-6.3,2.2c-1.9,0.9-6.2,3.1-6.1,3.1c0.1,0.1,4.2-1.6,6.3-2.6\tS201,10.7,201,10.6z\"\/>\n\t<path class=\"elementor-shape-fill\" d=\"M154.5,26.7c-0.1-0.1-4.6,0.3-7.2,0c-7.3-0.7-17-3.2-16.6-2.9c0.4,0.3,13.7,3.1,17,3.3\tC152.6,27.5,154.6,26.8,154.5,26.7z\"\/>\n\t<path class=\"elementor-shape-fill\" d=\"M41.9,19.3c0,0,1.2-0.3,2.9-0.1c1.7,0.2,5.8,0.9,8.2,0.7c4.2-0.4,7.4-2.7,7-2.6\tc-0.4,0-4.3,2.2-8.6,1.9c-1.8-0.1-5.1-0.5-6.7-0.4S41.9,19.3,41.9,19.3z\"\/>\n\t<path class=\"elementor-shape-fill\" d=\"M75.5,12.6c0.2,0.1,2-0.8,4.3-1.1c2.3-0.2,2.1-0.3,2.1-0.5c0-0.1-1.8-0.4-3.4,0\tC76.9,11.5,75.3,12.5,75.5,12.6z\"\/>\n\t<path class=\"elementor-shape-fill\" d=\"M15.6,13.2c0-0.1,4.3,0,6.7,0.5c2.4,0.5,5,1.9,5,2c0,0.1-2.7-0.8-5.1-1.4\tC19.9,13.7,15.7,13.3,15.6,13.2z\"\/>\n<\/svg>\t\t<\/div>\n\t\t\t\t<div class=\"elementor-element elementor-element-cdeb536 elementor-widget elementor-widget-heading\" data-id=\"cdeb536\" data-element_type=\"widget\" data-e-type=\"widget\" data-widget_type=\"heading.default\">\n\t\t\t\t\t<h2 class=\"elementor-heading-title elementor-size-default\">Le festival de la baie c'est quoi ?<\/h2>\t\t\t\t<\/div>\n\t\t<div class=\"elementor-element elementor-element-12951a2 e-grid e-con-full e-con e-child\" data-id=\"12951a2\" data-element_type=\"container\" data-e-type=\"container\">\n\t\t\t\t<div class=\"elementor-element elementor-element-420cddf elementor-widget__width-initial elementor-widget elementor-widget-video\" data-id=\"420cddf\" data-element_type=\"widget\" data-e-type=\"widget\" data-settings=\"{&quot;video_type&quot;:&quot;hosted&quot;,&quot;autoplay&quot;:&quot;yes&quot;,&quot;play_on_mobile&quot;:&quot;yes&quot;,&quot;loop&quot;:&quot;yes&quot;,&quot;controls&quot;:&quot;yes&quot;}\" data-widget_type=\"video.default\">\n\t\t\t\t\t\t\t<div class=\"e-hosted-video elementor-wrapper elementor-open-inline\">\n\t\t\t\t\t<video class=\"elementor-video\" src=\"http:\/\/festivaldelabaie.fr\/wp-content\/uploads\/2026\/03\/WhatsApp-Video-2026-03-06-at-19.23.48.mp4\" autoplay=\"\" loop=\"\" controls=\"\" playsinline=\"\" controlsList=\"nodownload\"><\/video>\n\t\t\t\t<\/div>\n\t\t\t\t\t\t<\/div>\n\t\t<div class=\"elementor-element elementor-element-1d13df0 e-grid e-con-full e-con e-child\" data-id=\"1d13df0\" data-element_type=\"container\" data-e-type=\"container\">\n\t\t\t\t<div class=\"elementor-element elementor-element-e8c5581 elementor-widget elementor-widget-image\" data-id=\"e8c5581\" data-element_type=\"widget\" data-e-type=\"widget\" data-widget_type=\"image.default\">\n\t\t\t\t\t\t\t\t\t\t\t\t\t\t\t<img fetchpriority=\"high\" decoding=\"async\" width=\"724\" height=\"1024\" src=\"http:\/\/festivaldelabaie.fr\/wp-content\/uploads\/2026\/01\/WhatsApp-Image-2026-01-26-at-17.19.51-724x1024.jpeg\" class=\"attachment-large size-large wp-image-52\" alt=\"\" srcset=\"http:\/\/festivaldelabaie.fr\/wp-content\/uploads\/2026\/01\/WhatsApp-Image-2026-01-26-at-17.19.51-724x1024.jpeg 724w, http:\/\/festivaldelabaie.fr\/wp-content\/uploads\/2026\/01\/WhatsApp-Image-2026-01-26-at-17.19.51-212x300.jpeg 212w, http:\/\/festivaldelabaie.fr\/wp-content\/uploads\/2026\/01\/WhatsApp-Image-2026-01-26-at-17.19.51-768x1086.jpeg 768w, http:\/\/festivaldelabaie.fr\/wp-content\/uploads\/2026\/01\/WhatsApp-Image-2026-01-26-at-17.19.51-1086x1536.jpeg 1086w, http:\/\/festivaldelabaie.fr\/wp-content\/uploads\/2026\/01\/WhatsApp-Image-2026-01-26-at-17.19.51.jpeg 1448w\" sizes=\"(max-width: 724px) 100vw, 724px\" \/>\t\t\t\t\t\t\t\t\t\t\t\t\t\t\t<\/div>\n\t\t\t\t<div class=\"elementor-element elementor-element-b209fad elementor-widget elementor-widget-image\" data-id=\"b209fad\" data-element_type=\"widget\" data-e-type=\"widget\" data-widget_type=\"image.default\">\n\t\t\t\t\t\t\t\t\t\t\t\t\t\t\t<img decoding=\"async\" width=\"724\" height=\"1024\" src=\"http:\/\/festivaldelabaie.fr\/wp-content\/uploads\/2026\/01\/WhatsApp-Image-2026-01-26-at-17.19.51-1-724x1024.jpeg\" class=\"attachment-large size-large wp-image-53\" alt=\"\" srcset=\"http:\/\/festivaldelabaie.fr\/wp-content\/uploads\/2026\/01\/WhatsApp-Image-2026-01-26-at-17.19.51-1-724x1024.jpeg 724w, http:\/\/festivaldelabaie.fr\/wp-content\/uploads\/2026\/01\/WhatsApp-Image-2026-01-26-at-17.19.51-1-212x300.jpeg 212w, http:\/\/festivaldelabaie.fr\/wp-content\/uploads\/2026\/01\/WhatsApp-Image-2026-01-26-at-17.19.51-1-768x1086.jpeg 768w, http:\/\/festivaldelabaie.fr\/wp-content\/uploads\/2026\/01\/WhatsApp-Image-2026-01-26-at-17.19.51-1-1086x1536.jpeg 1086w, http:\/\/festivaldelabaie.fr\/wp-content\/uploads\/2026\/01\/WhatsApp-Image-2026-01-26-at-17.19.51-1.jpeg 1448w\" sizes=\"(max-width: 724px) 100vw, 724px\" \/>\t\t\t\t\t\t\t\t\t\t\t\t\t\t\t<\/div>\n\t\t\t\t<\/div>\n\t\t\t\t<\/div>\n\t\t\t\t\t<\/div>\n\t\t\t\t<\/div>\n\t\t<article class=\"elementor-element elementor-element-cdb7378 e-flex e-con-boxed e-con e-parent\" data-id=\"cdb7378\" data-element_type=\"container\" data-e-type=\"container\" data-settings=\"{&quot;background_background&quot;:&quot;classic&quot;}\">\n\t\t\t\t\t<div class=\"e-con-inner\">\n\t\t\t\t<div class=\"elementor-element elementor-element-0bb322e elementor-widget elementor-widget-heading\" data-id=\"0bb322e\" data-element_type=\"widget\" data-e-type=\"widget\" data-widget_type=\"heading.default\">\n\t\t\t\t\t<h2 class=\"elementor-heading-title elementor-size-default\">Le festival de la baie c'est quoi ?<\/h2>\t\t\t\t<\/div>\n\t\t\t\t<div class=\"elementor-element elementor-element-ea0d7a4 elementor-widget elementor-widget-text-editor\" data-id=\"ea0d7a4\" data-element_type=\"widget\" data-e-type=\"widget\" data-widget_type=\"text-editor.default\">\n\t\t\t\t\t\t\t\t\t<div id=\"festival-desc\" class=\"festival-desc desc-separator\"><p>Le Festival de la Baie, organis\u00e9 par l&#8217;association VERV\u00c9, a pour objectif de promouvoir les productions locales du territoire de Concarneau. Le territoire regorge de talents, et ce festival souhaite cr\u00e9er une passerelle entre ces jeunes cr\u00e9ateurs et les professionnels du milieu audiovisuel. C\u2019est une vitrine pour montrer leur savoir-faire, partager leur passion et favoriser les \u00e9changes entre passionn\u00e9s de cin\u00e9ma. Tous les projets sont \u00e9ligibles, sans restriction de genre, \u00e0 condition de respecter les crit\u00e8res suivants : Une s\u00e9quence du film doit \u00eatre tourn\u00e9e en Cornouaille (Bretagne, France) Dur\u00e9e comprise entre 2 et 20 minutes (hors g\u00e9n\u00e9rique) Film non diffus\u00e9 sur des plateformes telles que YouTube ou autres Le festival se d\u00e9roulera en trois temps : projections de films scolaires, productions r\u00e9alis\u00e9es dans le cadre du 48H Film Project, et s\u00e9lection officielle du festival.<\/p><\/div><div class=\"row edition-reglement-section edition-reglement-fest\"><div class=\"col-12 col-lg\"><div id=\"edition-reglement\" class=\"btn-lg btn-ressources btn-document\"><div class=\"ressources-infos\">\u00a0<\/div><\/div><\/div><\/div>\t\t\t\t\t\t\t\t<\/div>\n\t\t\t\t<div class=\"elementor-element elementor-element-1cd079c elementor-widget elementor-widget-heading\" data-id=\"1cd079c\" data-element_type=\"widget\" data-e-type=\"widget\" data-widget_type=\"heading.default\">\n\t\t\t\t\t<h2 class=\"elementor-heading-title elementor-size-default\">La s\u00e9lection officielle <\/h2>\t\t\t\t<\/div>\n\t\t\t\t\t<\/div>\n\t\t\t\t<\/article>\n\t\t<div class=\"elementor-element elementor-element-d9f9bcc e-flex e-con-boxed e-con e-parent\" data-id=\"d9f9bcc\" data-element_type=\"container\" data-e-type=\"container\">\n\t\t\t\t\t<div class=\"e-con-inner\">\n\t\t\t\t<div class=\"elementor-element elementor-element-89e3683 ekit-equal-height-enable elementor-widget__width-initial elementor-widget-mobile__width-initial elementor-widget elementor-widget-elementskit-icon-box\" data-id=\"89e3683\" data-element_type=\"widget\" data-e-type=\"widget\" data-widget_type=\"elementskit-icon-box.default\">\n\t\t\t\t\t<div class=\"ekit-wid-con\" >        <!-- link opening -->\n                <a href=\"#\" class=\"ekit_global_links\">\n                <!-- end link opening -->\n\n        <div class=\"elementskit-infobox text-center text- icon-top-align elementor-animation-   \">\n                            <div class=\"elementskit-box-header\">\n                <div class=\"elementskit-info-box-icon \">\n                    <img decoding=\"async\" width=\"2034\" height=\"2560\" src=\"http:\/\/festivaldelabaie.fr\/wp-content\/uploads\/2026\/03\/Affiche-Mon-Soleil-final-scaled.png\" class=\"attachment- size-\" alt=\"\" srcset=\"http:\/\/festivaldelabaie.fr\/wp-content\/uploads\/2026\/03\/Affiche-Mon-Soleil-final-scaled.png 2034w, http:\/\/festivaldelabaie.fr\/wp-content\/uploads\/2026\/03\/Affiche-Mon-Soleil-final-238x300.png 238w, http:\/\/festivaldelabaie.fr\/wp-content\/uploads\/2026\/03\/Affiche-Mon-Soleil-final-814x1024.png 814w, http:\/\/festivaldelabaie.fr\/wp-content\/uploads\/2026\/03\/Affiche-Mon-Soleil-final-768x966.png 768w, http:\/\/festivaldelabaie.fr\/wp-content\/uploads\/2026\/03\/Affiche-Mon-Soleil-final-1221x1536.png 1221w, http:\/\/festivaldelabaie.fr\/wp-content\/uploads\/2026\/03\/Affiche-Mon-Soleil-final-1627x2048.png 1627w\" sizes=\"(max-width: 2034px) 100vw, 2034px\" \/>                <\/div>\n          <\/div>\n                <div class=\"box-body\">\n                            <h3 class=\"elementskit-info-box-title\">\n                    MON SOLEIL                <\/h3>\n                        \t\t  \t<p>SYNOPSIS : \nLorsqu'il \u00e9tait enfant, Arthur passait ses week-end \u00e0 jouer dans l'atelier de peinture de son grand-p\u00e8re. Des ann\u00e9es plus tard, le jeune homme d\u00e9couvre l'impact du temps sur l'artiste et son atelier, il d\u00e9cide d'agir.<\/p>\n                                <\/div>\n        \n        \n                <\/div>\n                <\/a>\n        <\/div>\t\t\t\t<\/div>\n\t\t\t\t<div class=\"elementor-element elementor-element-199254b ekit-equal-height-enable elementor-widget__width-initial elementor-widget-mobile__width-initial elementor-widget elementor-widget-elementskit-icon-box\" data-id=\"199254b\" data-element_type=\"widget\" data-e-type=\"widget\" data-widget_type=\"elementskit-icon-box.default\">\n\t\t\t\t\t<div class=\"ekit-wid-con\" >        <!-- link opening -->\n                <a href=\"#\" class=\"ekit_global_links\">\n                <!-- end link opening -->\n\n        <div class=\"elementskit-infobox text-center text- icon-lef-right-aligin elementor-animation-   \">\n                            <div class=\"elementskit-box-header\">\n                <div class=\"elementskit-info-box-icon text-center\">\n                    <img loading=\"lazy\" decoding=\"async\" width=\"1920\" height=\"2560\" src=\"http:\/\/festivaldelabaie.fr\/wp-content\/uploads\/2026\/03\/IMG_4016-scaled.jpeg\" class=\"attachment- size-\" alt=\"\" srcset=\"http:\/\/festivaldelabaie.fr\/wp-content\/uploads\/2026\/03\/IMG_4016-scaled.jpeg 1920w, http:\/\/festivaldelabaie.fr\/wp-content\/uploads\/2026\/03\/IMG_4016-225x300.jpeg 225w, http:\/\/festivaldelabaie.fr\/wp-content\/uploads\/2026\/03\/IMG_4016-768x1024.jpeg 768w, http:\/\/festivaldelabaie.fr\/wp-content\/uploads\/2026\/03\/IMG_4016-1152x1536.jpeg 1152w, http:\/\/festivaldelabaie.fr\/wp-content\/uploads\/2026\/03\/IMG_4016-1536x2048.jpeg 1536w\" sizes=\"(max-width: 1920px) 100vw, 1920px\" \/>                <\/div>\n          <\/div>\n                <div class=\"box-body\">\n                            <h3 class=\"elementskit-info-box-title\">\n                    BELLA HAS FALLEN                <\/h3>\n                        \t\t  \t<p>SYNOPSIS : \nApr\u00e8s un entretien d'admission prometteur, Belle s'endort myst\u00e9rieusement, emportant avec elle des secrets encore inavou\u00e9s. Lior, un voisin proche de la famille, se retrouve malgr\u00e9 lui \u00e0 mener une enqu\u00eate dans l'intimit\u00e9 de la jeune femme, per\u00e7ant \u00e0 jour ce qu'elle a vraiment sur le c\u0153ur.<\/p>\n                                <\/div>\n        \n        \n                <\/div>\n                <\/a>\n        <\/div>\t\t\t\t<\/div>\n\t\t\t\t<div class=\"elementor-element elementor-element-2c48dab ekit-equal-height-enable elementor-widget__width-initial elementor-widget-mobile__width-initial elementor-widget elementor-widget-elementskit-icon-box\" data-id=\"2c48dab\" data-element_type=\"widget\" data-e-type=\"widget\" data-widget_type=\"elementskit-icon-box.default\">\n\t\t\t\t\t<div class=\"ekit-wid-con\" >        <!-- link opening -->\n                <a href=\"#\" class=\"ekit_global_links\">\n                <!-- end link opening -->\n\n        <div class=\"elementskit-infobox text-center text- icon-top-align elementor-animation-   \">\n                            <div class=\"elementskit-box-header\">\n                <div class=\"elementskit-info-box-icon \">\n                    <img loading=\"lazy\" decoding=\"async\" width=\"707\" height=\"1000\" src=\"http:\/\/festivaldelabaie.fr\/wp-content\/uploads\/2026\/03\/7F6E299A-A907-455C-8664-BDC2889B1B64.jpeg\" class=\"attachment- size-\" alt=\"\" srcset=\"http:\/\/festivaldelabaie.fr\/wp-content\/uploads\/2026\/03\/7F6E299A-A907-455C-8664-BDC2889B1B64.jpeg 707w, http:\/\/festivaldelabaie.fr\/wp-content\/uploads\/2026\/03\/7F6E299A-A907-455C-8664-BDC2889B1B64-212x300.jpeg 212w\" sizes=\"(max-width: 707px) 100vw, 707px\" \/>                <\/div>\n          <\/div>\n                <div class=\"box-body\">\n                            <h3 class=\"elementskit-info-box-title\">\n                    FRICTIONS                <\/h3>\n                        \t\t  \t<p>SYNOPSIS :\nUn jour, l\u2019homme des cavernes dompta le feu. Quelques milliers d\u2019ann\u00e9es plus tard, l\u2019homme moderne s\u2019en sert pour fumer des cigarettes, se faire cuire des p\u00e2tes, allumer des cierges\u2026\nTout ce feu n\u2019est contenu qu\u2019en une chose \u2026 Suivez la folle aventure d\u2019un briquet qui, par le hasard des choses, va se transmettre entre les mains de bon nombre d\u2019individus.<\/p>\n                                <\/div>\n        \n        \n                <\/div>\n                <\/a>\n        <\/div>\t\t\t\t<\/div>\n\t\t\t\t\t<\/div>\n\t\t\t\t<\/div>\n\t\t\t\t<\/div>\n\t\t","protected":false},"excerpt":{"rendered":"<p>S&#8217;inscrire : FILMFEST S&#8217;inscrire au 48H chrono : CLIQUE ICI Le festival de la baie c&#8217;est quoi ? http:\/\/festivaldelabaie.fr\/wp-content\/uploads\/2026\/03\/WhatsApp-Video-2026-03-06-at-19.23.48.mp4 Le festival de la baie c&#8217;est quoi ? Le Festival de la Baie, organis\u00e9 par l&#8217;association VERV\u00c9, a pour objectif de promouvoir les productions locales du territoire de Concarneau. Le territoire regorge de talents, et ce [&hellip;]<\/p>\n","protected":false},"author":1,"featured_media":0,"parent":0,"menu_order":0,"comment_status":"closed","ping_status":"closed","template":"","meta":{"footnotes":""},"class_list":["post-7","page","type-page","status-publish","hentry"],"_links":{"self":[{"href":"https:\/\/festivaldelabaie.fr\/index.php\/wp-json\/wp\/v2\/pages\/7","targetHints":{"allow":["GET"]}}],"collection":[{"href":"https:\/\/festivaldelabaie.fr\/index.php\/wp-json\/wp\/v2\/pages"}],"about":[{"href":"https:\/\/festivaldelabaie.fr\/index.php\/wp-json\/wp\/v2\/types\/page"}],"author":[{"embeddable":true,"href":"https:\/\/festivaldelabaie.fr\/index.php\/wp-json\/wp\/v2\/users\/1"}],"replies":[{"embeddable":true,"href":"https:\/\/festivaldelabaie.fr\/index.php\/wp-json\/wp\/v2\/comments?post=7"}],"version-history":[{"count":98,"href":"https:\/\/festivaldelabaie.fr\/index.php\/wp-json\/wp\/v2\/pages\/7\/revisions"}],"predecessor-version":[{"id":189,"href":"https:\/\/festivaldelabaie.fr\/index.php\/wp-json\/wp\/v2\/pages\/7\/revisions\/189"}],"wp:attachment":[{"href":"https:\/\/festivaldelabaie.fr\/index.php\/wp-json\/wp\/v2\/media?parent=7"}],"curies":[{"name":"wp","href":"https:\/\/api.w.org\/{rel}","templated":true}]}}